{"id":1858,"date":"2020-03-24T15:51:42","date_gmt":"2020-03-24T13:51:42","guid":{"rendered":"http:\/\/www.paysansantigone.fr\/?page_id=1858"},"modified":"2024-04-24T08:41:07","modified_gmt":"2024-04-24T06:41:07","slug":"bonjour-et-bienvenus","status":"publish","type":"page","link":"https:\/\/www.paysansantigone.fr\/?page_id=1858","title":{"rendered":"Actualit\u00e9"},"content":{"rendered":"\n<p><\/p>\n\n\n\n<p><strong>La f\u00eate du march\u00e9 aura lieu le dimanche 5 mai 2024 ! Entre tradition et nouveaut\u00e9, des surprises vous attendent lors de cette matin\u00e9e&#8230;<\/strong><\/p>\n\n\n\n<p>Bonjour \u00e0 toutes et \u00e0 tous, notre march\u00e9 est actuellement transf\u00e9r\u00e9 sur la Place du Nombre d&rsquo;Or \u00e0 Antigone.<\/p>\n\n\n\n<p>Vous pouvez retrouver sur ce nouvel emplacement tous vos producteurs pr\u00e9f\u00e9r\u00e9s. <\/p>\n\n\n\n<div class=\"wp-block-group\"><div class=\"wp-block-group__inner-container is-layout-flow wp-block-group-is-layout-flow\">\n<figure class=\"wp-block-image size-medium is-style-rounded\"><img loading=\"lazy\" decoding=\"async\" width=\"240\" height=\"320\" src=\"https:\/\/www.paysansantigone.fr\/wp-content\/mesimages\/IMG_20200913_074627-240x320.jpg\" alt=\"\" class=\"wp-image-1898\" srcset=\"https:\/\/www.paysansantigone.fr\/wp-content\/mesimages\/IMG_20200913_074627-240x320.jpg 240w, https:\/\/www.paysansantigone.fr\/wp-content\/mesimages\/IMG_20200913_074627-768x1024.jpg 768w, https:\/\/www.paysansantigone.fr\/wp-content\/mesimages\/IMG_20200913_074627-1152x1536.jpg 1152w, https:\/\/www.paysansantigone.fr\/wp-content\/mesimages\/IMG_20200913_074627-1536x2048.jpg 1536w, https:\/\/www.paysansantigone.fr\/wp-content\/mesimages\/IMG_20200913_074627-scaled.jpg 1920w\" sizes=\"auto, (max-width: 240px) 100vw, 240px\" \/><\/figure>\n<\/div><\/div>\n\n\n\n<figure class=\"wp-block-image size-medium is-style-rounded\"><img loading=\"lazy\" decoding=\"async\" width=\"240\" height=\"320\" src=\"https:\/\/www.paysansantigone.fr\/wp-content\/mesimages\/IMG_20200913_075604-240x320.jpg\" alt=\"\" class=\"wp-image-1901\" srcset=\"https:\/\/www.paysansantigone.fr\/wp-content\/mesimages\/IMG_20200913_075604-240x320.jpg 240w, https:\/\/www.paysansantigone.fr\/wp-content\/mesimages\/IMG_20200913_075604-768x1024.jpg 768w, https:\/\/www.paysansantigone.fr\/wp-content\/mesimages\/IMG_20200913_075604-1152x1536.jpg 1152w, https:\/\/www.paysansantigone.fr\/wp-content\/mesimages\/IMG_20200913_075604-1536x2048.jpg 1536w, https:\/\/www.paysansantigone.fr\/wp-content\/mesimages\/IMG_20200913_075604-scaled.jpg 1920w\" sizes=\"auto, (max-width: 240px) 100vw, 240px\" \/><\/figure>\n\n\n\n<figure class=\"wp-block-image size-medium is-style-rounded\"><img loading=\"lazy\" decoding=\"async\" width=\"240\" height=\"320\" src=\"https:\/\/www.paysansantigone.fr\/wp-content\/mesimages\/IMG_20200913_080930-240x320.jpg\" alt=\"\" class=\"wp-image-1929\" srcset=\"https:\/\/www.paysansantigone.fr\/wp-content\/mesimages\/IMG_20200913_080930-240x320.jpg 240w, https:\/\/www.paysansantigone.fr\/wp-content\/mesimages\/IMG_20200913_080930-768x1024.jpg 768w, https:\/\/www.paysansantigone.fr\/wp-content\/mesimages\/IMG_20200913_080930-1152x1536.jpg 1152w, https:\/\/www.paysansantigone.fr\/wp-content\/mesimages\/IMG_20200913_080930-1536x2048.jpg 1536w, https:\/\/www.paysansantigone.fr\/wp-content\/mesimages\/IMG_20200913_080930-scaled.jpg 1920w\" sizes=\"auto, (max-width: 240px) 100vw, 240px\" \/><\/figure>\n\n\n\n<div class=\"wp-block-group\"><div class=\"wp-block-group__inner-container is-layout-flow wp-block-group-is-layout-flow\">\n<figure class=\"wp-block-image size-medium is-style-rounded\"><img loading=\"lazy\" decoding=\"async\" width=\"240\" height=\"320\" src=\"https:\/\/www.paysansantigone.fr\/wp-content\/mesimages\/IMG_20200913_074348-240x320.jpg\" alt=\"\" class=\"wp-image-1896\" srcset=\"https:\/\/www.paysansantigone.fr\/wp-content\/mesimages\/IMG_20200913_074348-240x320.jpg 240w, https:\/\/www.paysansantigone.fr\/wp-content\/mesimages\/IMG_20200913_074348-768x1024.jpg 768w, https:\/\/www.paysansantigone.fr\/wp-content\/mesimages\/IMG_20200913_074348-1152x1536.jpg 1152w, https:\/\/www.paysansantigone.fr\/wp-content\/mesimages\/IMG_20200913_074348-1536x2048.jpg 1536w, https:\/\/www.paysansantigone.fr\/wp-content\/mesimages\/IMG_20200913_074348-scaled.jpg 1920w\" sizes=\"auto, (max-width: 240px) 100vw, 240px\" \/><\/figure>\n<\/div><\/div>\n\n\n\n<figure class=\"wp-block-image size-medium is-style-rounded\"><img loading=\"lazy\" decoding=\"async\" width=\"240\" height=\"320\" src=\"https:\/\/www.paysansantigone.fr\/wp-content\/mesimages\/IMG_20200913_081229-240x320.jpg\" alt=\"\" class=\"wp-image-1932\" srcset=\"https:\/\/www.paysansantigone.fr\/wp-content\/mesimages\/IMG_20200913_081229-240x320.jpg 240w, https:\/\/www.paysansantigone.fr\/wp-content\/mesimages\/IMG_20200913_081229-768x1024.jpg 768w, https:\/\/www.paysansantigone.fr\/wp-content\/mesimages\/IMG_20200913_081229-1152x1536.jpg 1152w, https:\/\/www.paysansantigone.fr\/wp-content\/mesimages\/IMG_20200913_081229-1536x2048.jpg 1536w, https:\/\/www.paysansantigone.fr\/wp-content\/mesimages\/IMG_20200913_081229-scaled.jpg 1920w\" sizes=\"auto, (max-width: 240px) 100vw, 240px\" \/><\/figure>\n\n\n\n<figure class=\"wp-block-image size-medium is-style-rounded\"><img loading=\"lazy\" decoding=\"async\" width=\"240\" height=\"320\" src=\"https:\/\/www.paysansantigone.fr\/wp-content\/mesimages\/IMG_20200913_084834-240x320.jpg\" alt=\"\" class=\"wp-image-1942\" srcset=\"https:\/\/www.paysansantigone.fr\/wp-content\/mesimages\/IMG_20200913_084834-240x320.jpg 240w, https:\/\/www.paysansantigone.fr\/wp-content\/mesimages\/IMG_20200913_084834-768x1024.jpg 768w, https:\/\/www.paysansantigone.fr\/wp-content\/mesimages\/IMG_20200913_084834-1152x1536.jpg 1152w, https:\/\/www.paysansantigone.fr\/wp-content\/mesimages\/IMG_20200913_084834-1536x2048.jpg 1536w, https:\/\/www.paysansantigone.fr\/wp-content\/mesimages\/IMG_20200913_084834-scaled.jpg 1920w\" sizes=\"auto, (max-width: 240px) 100vw, 240px\" \/><\/figure>\n\n\n\n<figure class=\"wp-block-image size-medium is-style-rounded\"><img loading=\"lazy\" decoding=\"async\" width=\"240\" height=\"320\" src=\"https:\/\/www.paysansantigone.fr\/wp-content\/mesimages\/IMG_20200913_080321-240x320.jpg\" alt=\"\" class=\"wp-image-1914\" srcset=\"https:\/\/www.paysansantigone.fr\/wp-content\/mesimages\/IMG_20200913_080321-240x320.jpg 240w, https:\/\/www.paysansantigone.fr\/wp-content\/mesimages\/IMG_20200913_080321-768x1024.jpg 768w, https:\/\/www.paysansantigone.fr\/wp-content\/mesimages\/IMG_20200913_080321-1152x1536.jpg 1152w, https:\/\/www.paysansantigone.fr\/wp-content\/mesimages\/IMG_20200913_080321-1536x2048.jpg 1536w, https:\/\/www.paysansantigone.fr\/wp-content\/mesimages\/IMG_20200913_080321-scaled.jpg 1920w\" sizes=\"auto, (max-width: 240px) 100vw, 240px\" \/><\/figure>\n\n\n\n<figure class=\"wp-block-image size-medium is-style-rounded\"><img loading=\"lazy\" decoding=\"async\" width=\"240\" height=\"320\" src=\"https:\/\/www.paysansantigone.fr\/wp-content\/mesimages\/IMG_20200913_080415-240x320.jpg\" alt=\"\" class=\"wp-image-1918\" srcset=\"https:\/\/www.paysansantigone.fr\/wp-content\/mesimages\/IMG_20200913_080415-240x320.jpg 240w, https:\/\/www.paysansantigone.fr\/wp-content\/mesimages\/IMG_20200913_080415-768x1024.jpg 768w, https:\/\/www.paysansantigone.fr\/wp-content\/mesimages\/IMG_20200913_080415-1152x1536.jpg 1152w, https:\/\/www.paysansantigone.fr\/wp-content\/mesimages\/IMG_20200913_080415-1536x2048.jpg 1536w, https:\/\/www.paysansantigone.fr\/wp-content\/mesimages\/IMG_20200913_080415-scaled.jpg 1920w\" sizes=\"auto, (max-width: 240px) 100vw, 240px\" \/><\/figure>\n\n\n\n<figure class=\"wp-block-image size-medium is-style-rounded\"><img loading=\"lazy\" decoding=\"async\" width=\"240\" height=\"320\" src=\"https:\/\/www.paysansantigone.fr\/wp-content\/mesimages\/IMG_20200913_080121-240x320.jpg\" alt=\"\" class=\"wp-image-1911\" srcset=\"https:\/\/www.paysansantigone.fr\/wp-content\/mesimages\/IMG_20200913_080121-240x320.jpg 240w, https:\/\/www.paysansantigone.fr\/wp-content\/mesimages\/IMG_20200913_080121-768x1024.jpg 768w, https:\/\/www.paysansantigone.fr\/wp-content\/mesimages\/IMG_20200913_080121-1152x1536.jpg 1152w, https:\/\/www.paysansantigone.fr\/wp-content\/mesimages\/IMG_20200913_080121-1536x2048.jpg 1536w, https:\/\/www.paysansantigone.fr\/wp-content\/mesimages\/IMG_20200913_080121-scaled.jpg 1920w\" sizes=\"auto, (max-width: 240px) 100vw, 240px\" \/><\/figure>\n\n\n\n<figure class=\"wp-block-image size-medium is-style-rounded\"><img loading=\"lazy\" decoding=\"async\" width=\"240\" height=\"320\" src=\"https:\/\/www.paysansantigone.fr\/wp-content\/mesimages\/IMG_20200913_080502-240x320.jpg\" alt=\"\" class=\"wp-image-1924\" srcset=\"https:\/\/www.paysansantigone.fr\/wp-content\/mesimages\/IMG_20200913_080502-240x320.jpg 240w, https:\/\/www.paysansantigone.fr\/wp-content\/mesimages\/IMG_20200913_080502-768x1024.jpg 768w, https:\/\/www.paysansantigone.fr\/wp-content\/mesimages\/IMG_20200913_080502-1152x1536.jpg 1152w, https:\/\/www.paysansantigone.fr\/wp-content\/mesimages\/IMG_20200913_080502-1536x2048.jpg 1536w, https:\/\/www.paysansantigone.fr\/wp-content\/mesimages\/IMG_20200913_080502-scaled.jpg 1920w\" sizes=\"auto, (max-width: 240px) 100vw, 240px\" \/><\/figure>\n\n\n\n<figure class=\"wp-block-image size-medium is-style-rounded\"><img loading=\"lazy\" decoding=\"async\" width=\"240\" height=\"320\" src=\"https:\/\/www.paysansantigone.fr\/wp-content\/mesimages\/IMG_20200913_075902-240x320.jpg\" alt=\"\" class=\"wp-image-1909\" srcset=\"https:\/\/www.paysansantigone.fr\/wp-content\/mesimages\/IMG_20200913_075902-240x320.jpg 240w, https:\/\/www.paysansantigone.fr\/wp-content\/mesimages\/IMG_20200913_075902-768x1024.jpg 768w, https:\/\/www.paysansantigone.fr\/wp-content\/mesimages\/IMG_20200913_075902-1152x1536.jpg 1152w, https:\/\/www.paysansantigone.fr\/wp-content\/mesimages\/IMG_20200913_075902-1536x2048.jpg 1536w, https:\/\/www.paysansantigone.fr\/wp-content\/mesimages\/IMG_20200913_075902-scaled.jpg 1920w\" sizes=\"auto, (max-width: 240px) 100vw, 240px\" \/><\/figure>\n\n\n\n<figure class=\"wp-block-image size-medium is-style-rounded\"><img loading=\"lazy\" decoding=\"async\" width=\"240\" height=\"320\" src=\"https:\/\/www.paysansantigone.fr\/wp-content\/mesimages\/IMG_20200913_074311-240x320.jpg\" alt=\"\" class=\"wp-image-1895\" srcset=\"https:\/\/www.paysansantigone.fr\/wp-content\/mesimages\/IMG_20200913_074311-240x320.jpg 240w, https:\/\/www.paysansantigone.fr\/wp-content\/mesimages\/IMG_20200913_074311-768x1024.jpg 768w, https:\/\/www.paysansantigone.fr\/wp-content\/mesimages\/IMG_20200913_074311-1152x1536.jpg 1152w, https:\/\/www.paysansantigone.fr\/wp-content\/mesimages\/IMG_20200913_074311-1536x2048.jpg 1536w, https:\/\/www.paysansantigone.fr\/wp-content\/mesimages\/IMG_20200913_074311-scaled.jpg 1920w\" sizes=\"auto, (max-width: 240px) 100vw, 240px\" \/><\/figure>\n\n\n\n<figure class=\"wp-block-image size-medium is-style-rounded\"><img loading=\"lazy\" decoding=\"async\" width=\"240\" height=\"320\" src=\"https:\/\/www.paysansantigone.fr\/wp-content\/mesimages\/IMG_20200913_080423-240x320.jpg\" alt=\"\" class=\"wp-image-1919\" srcset=\"https:\/\/www.paysansantigone.fr\/wp-content\/mesimages\/IMG_20200913_080423-240x320.jpg 240w, https:\/\/www.paysansantigone.fr\/wp-content\/mesimages\/IMG_20200913_080423-768x1024.jpg 768w, https:\/\/www.paysansantigone.fr\/wp-content\/mesimages\/IMG_20200913_080423-1152x1536.jpg 1152w, https:\/\/www.paysansantigone.fr\/wp-content\/mesimages\/IMG_20200913_080423-1536x2048.jpg 1536w, https:\/\/www.paysansantigone.fr\/wp-content\/mesimages\/IMG_20200913_080423-scaled.jpg 1920w\" sizes=\"auto, (max-width: 240px) 100vw, 240px\" \/><\/figure>\n\n\n\n<figure class=\"wp-block-image size-medium is-style-rounded\"><img loading=\"lazy\" decoding=\"async\" width=\"240\" height=\"320\" src=\"https:\/\/www.paysansantigone.fr\/wp-content\/mesimages\/IMG_20200913_080432-240x320.jpg\" alt=\"\" class=\"wp-image-1920\" srcset=\"https:\/\/www.paysansantigone.fr\/wp-content\/mesimages\/IMG_20200913_080432-240x320.jpg 240w, https:\/\/www.paysansantigone.fr\/wp-content\/mesimages\/IMG_20200913_080432-768x1024.jpg 768w, https:\/\/www.paysansantigone.fr\/wp-content\/mesimages\/IMG_20200913_080432-1152x1536.jpg 1152w, https:\/\/www.paysansantigone.fr\/wp-content\/mesimages\/IMG_20200913_080432-1536x2048.jpg 1536w, https:\/\/www.paysansantigone.fr\/wp-content\/mesimages\/IMG_20200913_080432-scaled.jpg 1920w\" sizes=\"auto, (max-width: 240px) 100vw, 240px\" \/><\/figure>\n\n\n\n<figure class=\"wp-block-image size-medium is-style-rounded\"><img loading=\"lazy\" decoding=\"async\" width=\"240\" height=\"320\" src=\"https:\/\/www.paysansantigone.fr\/wp-content\/mesimages\/IMG_20200913_080439-240x320.jpg\" alt=\"\" class=\"wp-image-1921\" srcset=\"https:\/\/www.paysansantigone.fr\/wp-content\/mesimages\/IMG_20200913_080439-240x320.jpg 240w, https:\/\/www.paysansantigone.fr\/wp-content\/mesimages\/IMG_20200913_080439-768x1024.jpg 768w, https:\/\/www.paysansantigone.fr\/wp-content\/mesimages\/IMG_20200913_080439-1152x1536.jpg 1152w, https:\/\/www.paysansantigone.fr\/wp-content\/mesimages\/IMG_20200913_080439-1536x2048.jpg 1536w, https:\/\/www.paysansantigone.fr\/wp-content\/mesimages\/IMG_20200913_080439-scaled.jpg 1920w\" sizes=\"auto, (max-width: 240px) 100vw, 240px\" \/><\/figure>\n\n\n\n<figure class=\"wp-block-image size-medium is-style-rounded\"><img loading=\"lazy\" decoding=\"async\" width=\"240\" height=\"320\" src=\"https:\/\/www.paysansantigone.fr\/wp-content\/mesimages\/IMG_20200913_074302-240x320.jpg\" alt=\"\" class=\"wp-image-1894\" srcset=\"https:\/\/www.paysansantigone.fr\/wp-content\/mesimages\/IMG_20200913_074302-240x320.jpg 240w, https:\/\/www.paysansantigone.fr\/wp-content\/mesimages\/IMG_20200913_074302-768x1024.jpg 768w, https:\/\/www.paysansantigone.fr\/wp-content\/mesimages\/IMG_20200913_074302-1152x1536.jpg 1152w, https:\/\/www.paysansantigone.fr\/wp-content\/mesimages\/IMG_20200913_074302-1536x2048.jpg 1536w, https:\/\/www.paysansantigone.fr\/wp-content\/mesimages\/IMG_20200913_074302-scaled.jpg 1920w\" sizes=\"auto, (max-width: 240px) 100vw, 240px\" \/><\/figure>\n\n\n\n<figure class=\"wp-block-image size-medium is-style-rounded\"><img loading=\"lazy\" decoding=\"async\" width=\"240\" height=\"320\" src=\"https:\/\/www.paysansantigone.fr\/wp-content\/mesimages\/IMG_20200913_074229-240x320.jpg\" alt=\"\" class=\"wp-image-1891\" srcset=\"https:\/\/www.paysansantigone.fr\/wp-content\/mesimages\/IMG_20200913_074229-240x320.jpg 240w, https:\/\/www.paysansantigone.fr\/wp-content\/mesimages\/IMG_20200913_074229-768x1024.jpg 768w, https:\/\/www.paysansantigone.fr\/wp-content\/mesimages\/IMG_20200913_074229-1152x1536.jpg 1152w, https:\/\/www.paysansantigone.fr\/wp-content\/mesimages\/IMG_20200913_074229-1536x2048.jpg 1536w, https:\/\/www.paysansantigone.fr\/wp-content\/mesimages\/IMG_20200913_074229-scaled.jpg 1920w\" sizes=\"auto, (max-width: 240px) 100vw, 240px\" \/><\/figure>\n\n\n\n<figure class=\"wp-block-image size-medium is-style-rounded\"><img loading=\"lazy\" decoding=\"async\" width=\"240\" height=\"320\" src=\"https:\/\/www.paysansantigone.fr\/wp-content\/mesimages\/IMG_20200913_074256-240x320.jpg\" alt=\"\" class=\"wp-image-1893\" srcset=\"https:\/\/www.paysansantigone.fr\/wp-content\/mesimages\/IMG_20200913_074256-240x320.jpg 240w, https:\/\/www.paysansantigone.fr\/wp-content\/mesimages\/IMG_20200913_074256-768x1024.jpg 768w, https:\/\/www.paysansantigone.fr\/wp-content\/mesimages\/IMG_20200913_074256-1152x1536.jpg 1152w, https:\/\/www.paysansantigone.fr\/wp-content\/mesimages\/IMG_20200913_074256-1536x2048.jpg 1536w, https:\/\/www.paysansantigone.fr\/wp-content\/mesimages\/IMG_20200913_074256-scaled.jpg 1920w\" sizes=\"auto, (max-width: 240px) 100vw, 240px\" \/><\/figure>\n\n\n\n<figure class=\"wp-block-image size-medium is-style-rounded\"><img loading=\"lazy\" decoding=\"async\" width=\"240\" height=\"320\" src=\"https:\/\/www.paysansantigone.fr\/wp-content\/mesimages\/IMG_20200913_075827-240x320.jpg\" alt=\"\" class=\"wp-image-1906\" srcset=\"https:\/\/www.paysansantigone.fr\/wp-content\/mesimages\/IMG_20200913_075827-240x320.jpg 240w, https:\/\/www.paysansantigone.fr\/wp-content\/mesimages\/IMG_20200913_075827-768x1024.jpg 768w, https:\/\/www.paysansantigone.fr\/wp-content\/mesimages\/IMG_20200913_075827-1152x1536.jpg 1152w, https:\/\/www.paysansantigone.fr\/wp-content\/mesimages\/IMG_20200913_075827-1536x2048.jpg 1536w, https:\/\/www.paysansantigone.fr\/wp-content\/mesimages\/IMG_20200913_075827-scaled.jpg 1920w\" sizes=\"auto, (max-width: 240px) 100vw, 240px\" \/><\/figure>\n\n\n\n<figure class=\"wp-block-image size-medium is-style-rounded\"><img loading=\"lazy\" decoding=\"async\" width=\"240\" height=\"320\" src=\"https:\/\/www.paysansantigone.fr\/wp-content\/mesimages\/IMG_20200913_075758-240x320.jpg\" alt=\"\" class=\"wp-image-1904\" srcset=\"https:\/\/www.paysansantigone.fr\/wp-content\/mesimages\/IMG_20200913_075758-240x320.jpg 240w, https:\/\/www.paysansantigone.fr\/wp-content\/mesimages\/IMG_20200913_075758-768x1024.jpg 768w, https:\/\/www.paysansantigone.fr\/wp-content\/mesimages\/IMG_20200913_075758-1152x1536.jpg 1152w, https:\/\/www.paysansantigone.fr\/wp-content\/mesimages\/IMG_20200913_075758-1536x2048.jpg 1536w, https:\/\/www.paysansantigone.fr\/wp-content\/mesimages\/IMG_20200913_075758-scaled.jpg 1920w\" sizes=\"auto, (max-width: 240px) 100vw, 240px\" \/><\/figure>\n\n\n\n<figure class=\"wp-block-image size-medium is-style-rounded\"><img loading=\"lazy\" decoding=\"async\" width=\"240\" height=\"320\" src=\"https:\/\/www.paysansantigone.fr\/wp-content\/mesimages\/IMG_20200913_074530-240x320.jpg\" alt=\"\" class=\"wp-image-1897\" srcset=\"https:\/\/www.paysansantigone.fr\/wp-content\/mesimages\/IMG_20200913_074530-240x320.jpg 240w, https:\/\/www.paysansantigone.fr\/wp-content\/mesimages\/IMG_20200913_074530-768x1024.jpg 768w, https:\/\/www.paysansantigone.fr\/wp-content\/mesimages\/IMG_20200913_074530-1152x1536.jpg 1152w, https:\/\/www.paysansantigone.fr\/wp-content\/mesimages\/IMG_20200913_074530-1536x2048.jpg 1536w, https:\/\/www.paysansantigone.fr\/wp-content\/mesimages\/IMG_20200913_074530-scaled.jpg 1920w\" sizes=\"auto, (max-width: 240px) 100vw, 240px\" \/><\/figure>\n\n\n\n<p><\/p>\n","protected":false},"excerpt":{"rendered":"<p>La f\u00eate du march\u00e9 aura lieu le dimanche 5 mai 2024 ! Entre tradition et nouveaut\u00e9, des surprises vous attendent lors de cette matin\u00e9e&#8230; Bonjour \u00e0 toutes et \u00e0 tous, notre march\u00e9 est actuellement transf\u00e9r\u00e9 sur la Place du Nombre d&rsquo;Or \u00e0 Antigone. Vous pouvez retrouver sur ce nouvel emplacement tous vos producteurs pr\u00e9f\u00e9r\u00e9s.<\/p>\n","protected":false},"author":6,"featured_media":0,"parent":0,"menu_order":0,"comment_status":"closed","ping_status":"closed","template":"","meta":{"footnotes":""},"class_list":["post-1858","page","type-page","status-publish","hentry"],"_links":{"self":[{"href":"https:\/\/www.paysansantigone.fr\/index.php?rest_route=\/wp\/v2\/pages\/1858","targetHints":{"allow":["GET"]}}],"collection":[{"href":"https:\/\/www.paysansantigone.fr\/index.php?rest_route=\/wp\/v2\/pages"}],"about":[{"href":"https:\/\/www.paysansantigone.fr\/index.php?rest_route=\/wp\/v2\/types\/page"}],"author":[{"embeddable":true,"href":"https:\/\/www.paysansantigone.fr\/index.php?rest_route=\/wp\/v2\/users\/6"}],"replies":[{"embeddable":true,"href":"https:\/\/www.paysansantigone.fr\/index.php?rest_route=%2Fwp%2Fv2%2Fcomments&post=1858"}],"version-history":[{"count":14,"href":"https:\/\/www.paysansantigone.fr\/index.php?rest_route=\/wp\/v2\/pages\/1858\/revisions"}],"predecessor-version":[{"id":2086,"href":"https:\/\/www.paysansantigone.fr\/index.php?rest_route=\/wp\/v2\/pages\/1858\/revisions\/2086"}],"wp:attachment":[{"href":"https:\/\/www.paysansantigone.fr\/index.php?rest_route=%2Fwp%2Fv2%2Fmedia&parent=1858"}],"curies":[{"name":"wp","href":"https:\/\/api.w.org\/{rel}","templated":true}]}}