{"id":1676,"date":"2019-12-19T11:13:58","date_gmt":"2019-12-19T09:13:58","guid":{"rendered":"http:\/\/www.paysansantigone.fr\/?page_id=1676"},"modified":"2023-04-25T12:14:21","modified_gmt":"2023-04-25T10:14:21","slug":"plats-cuisines","status":"publish","type":"page","link":"https:\/\/www.paysansantigone.fr\/?page_id=1676","title":{"rendered":"Plats cuisin\u00e9s"},"content":{"rendered":"\n<h2 class=\"wp-block-heading\">Au fil de l&rsquo;Aubrac | Aligot<\/h2>\n\n\n\n<div class=\"wp-block-media-text alignwide is-stacked-on-mobile\" style=\"grid-template-columns:36% auto\"><figure class=\"wp-block-media-text__media\"><img loading=\"lazy\" decoding=\"async\" width=\"336\" height=\"340\" src=\"http:\/\/www.paysansantigone.fr\/wp-content\/mesimages\/AU-FIL-DE-LAUBRAC-CERCLE.png\" alt=\"\" class=\"wp-image-1678 size-full\" srcset=\"https:\/\/www.paysansantigone.fr\/wp-content\/mesimages\/AU-FIL-DE-LAUBRAC-CERCLE.png 336w, https:\/\/www.paysansantigone.fr\/wp-content\/mesimages\/AU-FIL-DE-LAUBRAC-CERCLE-316x320.png 316w\" sizes=\"auto, (max-width: 336px) 100vw, 336px\" \/><\/figure><div class=\"wp-block-media-text__content\">\n<p class=\"has-medium-font-size\">Pierre CONDUCHE vous propose une fabrication artisanale d\u2019aligot de l\u2019Aubrac. C\u2019est une sp\u00e9cialit\u00e9 Aveyronnaise (Aubrac) : pur\u00e9e de pomme de terre, cr\u00e8me fra\u00eeche et tome fra\u00eeche. <\/p>\n\n\n\n<p class=\"has-medium-font-size\">Contact :<br>T\u00e9l\u00e9phone : 05 65 44 81 12 <br>Mobile : 06 84 04 50 04 <br>E-mail : <a href=\"http:\/\/au-fil-de-laubrac@wanadaoo.fr\" target=\"_blank\" rel=\"noreferrer noopener\" aria-label=\"au-fil-de-laubrac@wanadaoo.fr  (s\u2019ouvre dans un nouvel onglet)\">au-fil-de-laubrac@wanadaoo.fr <\/a><\/p>\n<\/div><\/div>\n\n\n\n<hr class=\"wp-block-separator has-css-opacity\"\/>\n\n\n\n<h2 class=\"wp-block-heading\">La muse gourmette | Pr\u00e9parations bio, v\u00e9g\u00e9taliennes et sans gluten<\/h2>\n\n\n\n<div class=\"wp-block-media-text alignwide has-media-on-the-right is-stacked-on-mobile\" style=\"grid-template-columns:auto 36%\"><div class=\"wp-block-media-text__content\">\n<p class=\"has-medium-font-size\">Au choix et selon les saisons Martine GROSSIN vous proposent des recettes inventives et gourmandes : d\u00e9lices\u2019ma\u00efs au curry, p\u00e2t\u00e9s v\u00e9g\u00e9taux aux courgettes et cumin, &#8230;<\/p>\n\n\n\n<p class=\"has-medium-font-size\">Contact :<br>Mobile : 06 84 03 12 27 <br>E-mail : <a rel=\"noreferrer noopener\" aria-label=\"lamusegourmette@gmail.com (s\u2019ouvre dans un nouvel onglet)\" href=\"lamusegourmette@gmail.com\" target=\"_blank\">lamusegourmette@gmail.com<\/a><br>Facebook :<a rel=\"noreferrer noopener\" href=\"http:\/\/www.facebook.com\/lamusegourmette\" target=\"_blank\">www.facebook.com\/lamusegourmette<\/a> <\/p>\n<\/div><figure class=\"wp-block-media-text__media\"><img loading=\"lazy\" decoding=\"async\" width=\"336\" height=\"340\" src=\"http:\/\/www.paysansantigone.fr\/wp-content\/mesimages\/LA-MUSE-GOURMETTE-CERCLE.png\" alt=\"\" class=\"wp-image-1679 size-full\" srcset=\"https:\/\/www.paysansantigone.fr\/wp-content\/mesimages\/LA-MUSE-GOURMETTE-CERCLE.png 336w, https:\/\/www.paysansantigone.fr\/wp-content\/mesimages\/LA-MUSE-GOURMETTE-CERCLE-316x320.png 316w\" sizes=\"auto, (max-width: 336px) 100vw, 336px\" \/><\/figure><\/div>\n\n\n\n<hr class=\"wp-block-separator has-css-opacity\"\/>\n\n\n\n<h2 class=\"wp-block-heading\">Les accras de Marius | Accras et brandade<\/h2>\n\n\n\n<div class=\"wp-block-media-text alignwide is-stacked-on-mobile\" style=\"grid-template-columns:36% auto\"><figure class=\"wp-block-media-text__media\"><img loading=\"lazy\" decoding=\"async\" width=\"336\" height=\"340\" src=\"http:\/\/www.paysansantigone.fr\/wp-content\/mesimages\/LES-ACCRAS-DE-MARIUS-CERCLE.png\" alt=\"\" class=\"wp-image-1680 size-full\" srcset=\"https:\/\/www.paysansantigone.fr\/wp-content\/mesimages\/LES-ACCRAS-DE-MARIUS-CERCLE.png 336w, https:\/\/www.paysansantigone.fr\/wp-content\/mesimages\/LES-ACCRAS-DE-MARIUS-CERCLE-316x320.png 316w\" sizes=\"auto, (max-width: 336px) 100vw, 336px\" \/><\/figure><div class=\"wp-block-media-text__content\">\n<p class=\"has-medium-font-size\">Lucien GARREL vous propose des accras&nbsp; de morue doux et piment\u00e9s, de la brandade, des samoussas , des falafels, des goutalis, et des nems.<\/p>\n\n\n\n<p class=\"has-medium-font-size\">Contact :<br>Mobile : 06 14 88 48 54 <br>E-mail : <a href=\"les-accras-de-marius@orange.fr\" target=\"_blank\" rel=\"noreferrer noopener\" aria-label=\" (s\u2019ouvre dans un nouvel onglet)\">les-accras-de-marius@orange.fr<\/a> <br><\/p>\n<\/div><\/div>\n\n\n\n<hr class=\"wp-block-separator has-css-opacity\"\/>\n\n\n\n<h2 class=\"wp-block-heading\">Presto Pizz&rsquo; | Pizzas<\/h2>\n\n\n\n<div class=\"wp-block-media-text alignwide has-media-on-the-right is-stacked-on-mobile\" style=\"grid-template-columns:auto 37%\"><div class=\"wp-block-media-text__content\">\n<p class=\"has-medium-font-size\">Marc RICAUD vous propose des pizzas r\u00e9alis\u00e9es et cuites sur place et des boissons. <\/p>\n\n\n\n<p class=\"has-medium-font-size\">Contact :<br>Mobile : 06 80 62 04 47<br><\/p>\n<\/div><figure class=\"wp-block-media-text__media\"><img loading=\"lazy\" decoding=\"async\" width=\"336\" height=\"340\" src=\"http:\/\/www.paysansantigone.fr\/wp-content\/mesimages\/PRESTO-PIZZ-CERCLE.png\" alt=\"\" class=\"wp-image-1681 size-full\" srcset=\"https:\/\/www.paysansantigone.fr\/wp-content\/mesimages\/PRESTO-PIZZ-CERCLE.png 336w, https:\/\/www.paysansantigone.fr\/wp-content\/mesimages\/PRESTO-PIZZ-CERCLE-316x320.png 316w\" sizes=\"auto, (max-width: 336px) 100vw, 336px\" \/><\/figure><\/div>\n\n\n\n<h2 class=\"wp-block-heading\">Lady Tofu |Tofu bio artisanal<\/h2>\n\n\n\n<div class=\"wp-block-media-text alignwide is-stacked-on-mobile\" style=\"grid-template-columns:37% auto\"><figure class=\"wp-block-media-text__media\"><img loading=\"lazy\" decoding=\"async\" width=\"768\" height=\"1024\" src=\"http:\/\/www.paysansantigone.fr\/wp-content\/mesimages\/photo-yanjie.jpeg\" alt=\"\" class=\"wp-image-2072 size-full\" srcset=\"https:\/\/www.paysansantigone.fr\/wp-content\/mesimages\/photo-yanjie.jpeg 768w, https:\/\/www.paysansantigone.fr\/wp-content\/mesimages\/photo-yanjie-240x320.jpeg 240w\" sizes=\"auto, (max-width: 768px) 100vw, 768px\" \/><\/figure><div class=\"wp-block-media-text__content\">\n<p class=\"has-medium-font-size\">Lady Tofu vous propose son Tofu bio artisanal d\u00e9clin\u00e9 en diff\u00e9rentes saveurs, nature, citron gingembre, 5 saveurs, l&rsquo;incontournable Tofu dor\u00e9 au s\u00e9same, ect&#8230; Yangie est pr\u00e9sente sur le march\u00e9 un dimanche sur deux.<\/p>\n\n\n\n<p class=\"has-medium-font-size\">Contact : tofumaison@gmail.com<br>Mobile : 06 75 92 89 00<br>Facebook : lady tofu et site web : ladytofu.wixsite.com<\/p>\n\n\n\n<p><\/p>\n<\/div><\/div>\n\n\n\n<hr class=\"wp-block-separator has-css-opacity\"\/>\n\n\n\n<h2 class=\"wp-block-heading\"> | David traiteur<\/h2>\n\n\n\n<div class=\"wp-block-media-text alignwide is-stacked-on-mobile\" style=\"grid-template-columns:34% auto\"><figure class=\"wp-block-media-text__media\"><img loading=\"lazy\" decoding=\"async\" width=\"512\" height=\"512\" src=\"http:\/\/www.paysansantigone.fr\/wp-content\/mesimages\/flavicon-paysan.jpg\" alt=\"\" class=\"wp-image-1692 size-full\" srcset=\"https:\/\/www.paysansantigone.fr\/wp-content\/mesimages\/flavicon-paysan.jpg 512w, https:\/\/www.paysansantigone.fr\/wp-content\/mesimages\/flavicon-paysan-150x150.jpg 150w, https:\/\/www.paysansantigone.fr\/wp-content\/mesimages\/flavicon-paysan-320x320.jpg 320w\" sizes=\"auto, (max-width: 512px) 100vw, 512px\" \/><\/figure><div class=\"wp-block-media-text__content\">\n<p class=\"has-medium-font-size\">David vous propose ses plats cuisin\u00e9s \u00e0 emporter. Sp\u00e9cialit\u00e9s s\u00e8toise et cuisine du terroir. David fait aussi la livraison sur vos \u00e9v\u00e8nements, mariage, bapt\u00eame, ect&#8230;<\/p>\n\n\n\n<p class=\"has-medium-font-size\">Contact : davidtraiteur34@gmail.com  <br>Mobile : 06 03 65 13 67<br><\/p>\n<\/div><\/div>\n","protected":false},"excerpt":{"rendered":"<p>Au fil de l&rsquo;Aubrac | Aligot Pierre CONDUCHE vous propose une fabrication artisanale d\u2019aligot de l\u2019Aubrac. C\u2019est une sp\u00e9cialit\u00e9 Aveyronnaise (Aubrac) : pur\u00e9e de pomme de terre, cr\u00e8me fra\u00eeche et tome fra\u00eeche. Contact :T\u00e9l\u00e9phone : 05 65 44 81 12 Mobile : 06 84 04 50 04 E-mail : au-fil-de-laubrac@wanadaoo.fr La muse gourmette | Pr\u00e9parations [&hellip;]<\/p>\n","protected":false},"author":6,"featured_media":0,"parent":1601,"menu_order":0,"comment_status":"closed","ping_status":"closed","template":"","meta":{"footnotes":""},"class_list":["post-1676","page","type-page","status-publish","hentry"],"_links":{"self":[{"href":"https:\/\/www.paysansantigone.fr\/index.php?rest_route=\/wp\/v2\/pages\/1676","targetHints":{"allow":["GET"]}}],"collection":[{"href":"https:\/\/www.paysansantigone.fr\/index.php?rest_route=\/wp\/v2\/pages"}],"about":[{"href":"https:\/\/www.paysansantigone.fr\/index.php?rest_route=\/wp\/v2\/types\/page"}],"author":[{"embeddable":true,"href":"https:\/\/www.paysansantigone.fr\/index.php?rest_route=\/wp\/v2\/users\/6"}],"replies":[{"embeddable":true,"href":"https:\/\/www.paysansantigone.fr\/index.php?rest_route=%2Fwp%2Fv2%2Fcomments&post=1676"}],"version-history":[{"count":8,"href":"https:\/\/www.paysansantigone.fr\/index.php?rest_route=\/wp\/v2\/pages\/1676\/revisions"}],"predecessor-version":[{"id":2073,"href":"https:\/\/www.paysansantigone.fr\/index.php?rest_route=\/wp\/v2\/pages\/1676\/revisions\/2073"}],"up":[{"embeddable":true,"href":"https:\/\/www.paysansantigone.fr\/index.php?rest_route=\/wp\/v2\/pages\/1601"}],"wp:attachment":[{"href":"https:\/\/www.paysansantigone.fr\/index.php?rest_route=%2Fwp%2Fv2%2Fmedia&parent=1676"}],"curies":[{"name":"wp","href":"https:\/\/api.w.org\/{rel}","templated":true}]}}