{"id":1670,"date":"2019-12-19T11:14:01","date_gmt":"2019-12-19T09:14:01","guid":{"rendered":"http:\/\/www.paysansantigone.fr\/?page_id=1670"},"modified":"2023-04-25T12:26:14","modified_gmt":"2023-04-25T10:26:14","slug":"plantes-2","status":"publish","type":"page","link":"https:\/\/www.paysansantigone.fr\/?page_id=1670","title":{"rendered":"Plantes"},"content":{"rendered":"\n<h2 class=\"wp-block-heading\">FLORESSA | Horticulteurs<\/h2>\n\n\n\n<div class=\"wp-block-media-text alignwide\" style=\"grid-template-columns:37% auto\"><figure class=\"wp-block-media-text__media\"><img loading=\"lazy\" decoding=\"async\" width=\"336\" height=\"340\" src=\"http:\/\/www.paysansantigone.fr\/wp-content\/mesimages\/FLORESSA-CERCLE.png\" alt=\"\" class=\"wp-image-1671 size-full\" srcset=\"https:\/\/www.paysansantigone.fr\/wp-content\/mesimages\/FLORESSA-CERCLE.png 336w, https:\/\/www.paysansantigone.fr\/wp-content\/mesimages\/FLORESSA-CERCLE-316x320.png 316w\" sizes=\"auto, (max-width: 336px) 100vw, 336px\" \/><\/figure><div class=\"wp-block-media-text__content\">\n<p class=\"has-medium-font-size\">Teresa et Gilbert LE GRAVEREND et leurs enfants vous proposent des plantes d\u2019ornement d\u2019int\u00e9rieur et d\u2019ext\u00e9rieur, des fleurs de f\u00eates, des plants mara\u00eechers, des plantes aromatiques et \u00e0 leur saison Chrysanth\u00e8mes et sapins de no\u00ebl. <\/p>\n\n\n\n<p class=\"has-medium-font-size\">Contact :<br>T\u00e9l\u00e9phone : 04 67 70 19 65 <br>Mobile : 06 83 22 46 32 <br>E-mail : <a rel=\"noreferrer noopener\" aria-label=\"contact@floressa.fr  (s\u2019ouvre dans un nouvel onglet)\" href=\"http:\/\/contact@floressa.fr\" target=\"_blank\">contact@floressa.fr <\/a><br>Site :  <a href=\"http:\/\/floressa.fr\/\" target=\"_blank\" rel=\"noreferrer noopener\" aria-label=\" (s\u2019ouvre dans un nouvel onglet)\">http:\/\/floressa.fr\/<\/a> <\/p>\n<\/div><\/div>\n\n\n\n<hr class=\"wp-block-separator has-css-opacity\"\/>\n\n\n\n<h2 class=\"wp-block-heading\">Simplaromat&rsquo; | Plantes aromatiques bio<\/h2>\n\n\n\n<div class=\"wp-block-media-text alignwide\" style=\"grid-template-columns:35% auto\"><figure class=\"wp-block-media-text__media\"><img loading=\"lazy\" decoding=\"async\" width=\"336\" height=\"340\" src=\"http:\/\/www.paysansantigone.fr\/wp-content\/mesimages\/SIMPLAROMAT-CERCLE.png\" alt=\"\" class=\"wp-image-1673 size-full\" srcset=\"https:\/\/www.paysansantigone.fr\/wp-content\/mesimages\/SIMPLAROMAT-CERCLE.png 336w, https:\/\/www.paysansantigone.fr\/wp-content\/mesimages\/SIMPLAROMAT-CERCLE-316x320.png 316w\" sizes=\"auto, (max-width: 336px) 100vw, 336px\" \/><\/figure><div class=\"wp-block-media-text__content\">\n<p class=\"has-medium-font-size\">Plantes aromatiques et m\u00e9dicinales en Agriculture Biologique: en pot, en tisane, en sirop, en baume et eau florale.<\/p>\n\n\n\n<p class=\"has-medium-font-size\">Contact :<br>T\u00e9l\u00e9phone : 04 67 42 09 56 <br>E-mail : <a rel=\"noreferrer noopener\" aria-label=\"simplaromat@yahoo.fr  (s\u2019ouvre dans un nouvel onglet)\" href=\"http:\/\/simplaromat@yahoo.fr\" target=\"_blank\">simplaromat@yahoo.fr<\/a><br>Site :  <a rel=\"noreferrer noopener\" aria-label=\" (s\u2019ouvre dans un nouvel onglet)\" href=\"http:\/\/www.simplaromat.com\/\" target=\"_blank\">http:\/\/www.simplaromat.com\/<\/a> <\/p>\n<\/div><\/div>\n\n\n\n<hr class=\"wp-block-separator has-css-opacity\"\/>\n\n\n\n<h2 class=\"wp-block-heading\">Spiru-vie | Producteur de spiruline<\/h2>\n\n\n\n<div class=\"wp-block-media-text alignwide has-media-on-the-right\" style=\"grid-template-columns:auto 37%\"><div class=\"wp-block-media-text__content\">\n<p class=\"has-medium-font-size\">Emmanuel et Tarom\u00e9 GORODETZKY vous proposent de la spiruline fra\u00eeche en saison et s\u00e8che en paillettes conditionn\u00e9e en sachets. <\/p>\n\n\n\n<p class=\"has-medium-font-size\">Contact :<br>T\u00e9l\u00e9phone : 04 67 57 85 40 <br>E-mail : <a rel=\"noreferrer noopener\" aria-label=\"spiruvie@free.fr (s\u2019ouvre dans un nouvel onglet)\" href=\"spiruvie@free.fr\" target=\"_blank\">spiruvie@free.fr<\/a><br><\/p>\n<\/div><figure class=\"wp-block-media-text__media\"><img loading=\"lazy\" decoding=\"async\" width=\"336\" height=\"340\" src=\"http:\/\/www.paysansantigone.fr\/wp-content\/mesimages\/SPIRUE-VIE-CERCLE.png\" alt=\"\" class=\"wp-image-1674 size-full\" srcset=\"https:\/\/www.paysansantigone.fr\/wp-content\/mesimages\/SPIRUE-VIE-CERCLE.png 336w, https:\/\/www.paysansantigone.fr\/wp-content\/mesimages\/SPIRUE-VIE-CERCLE-316x320.png 316w\" sizes=\"auto, (max-width: 336px) 100vw, 336px\" \/><\/figure><\/div>\n\n\n\n<h2 class=\"wp-block-heading\">Weedling&rsquo;s Finest | Producteur de chanvre bio et CBD<\/h2>\n\n\n\n<div class=\"wp-block-media-text alignwide\" style=\"grid-template-columns:37% auto\"><figure class=\"wp-block-media-text__media\"><img loading=\"lazy\" decoding=\"async\" width=\"1024\" height=\"768\" src=\"http:\/\/www.paysansantigone.fr\/wp-content\/mesimages\/23-03-6-1024x768.jpg\" alt=\"\" class=\"wp-image-2038 size-full\" srcset=\"https:\/\/www.paysansantigone.fr\/wp-content\/mesimages\/23-03-6-1024x768.jpg 1024w, https:\/\/www.paysansantigone.fr\/wp-content\/mesimages\/23-03-6-320x240.jpg 320w, https:\/\/www.paysansantigone.fr\/wp-content\/mesimages\/23-03-6-768x576.jpg 768w, https:\/\/www.paysansantigone.fr\/wp-content\/mesimages\/23-03-6-1536x1152.jpg 1536w, https:\/\/www.paysansantigone.fr\/wp-content\/mesimages\/23-03-6-2048x1536.jpg 2048w\" sizes=\"auto, (max-width: 1024px) 100vw, 1024px\" \/><\/figure><div class=\"wp-block-media-text__content\">\n<p class=\"has-medium-font-size\">Contenu en cours de cr\u00e9ation&#8230;.<\/p>\n\n\n\n<p class=\"has-medium-font-size\">Contact :<br>T\u00e9l\u00e9phone :  <br>E-mail : <br><\/p>\n<\/div><\/div>\n","protected":false},"excerpt":{"rendered":"<p>FLORESSA | Horticulteurs Teresa et Gilbert LE GRAVEREND et leurs enfants vous proposent des plantes d\u2019ornement d\u2019int\u00e9rieur et d\u2019ext\u00e9rieur, des fleurs de f\u00eates, des plants mara\u00eechers, des plantes aromatiques et \u00e0 leur saison Chrysanth\u00e8mes et sapins de no\u00ebl. Contact :T\u00e9l\u00e9phone : 04 67 70 19 65 Mobile : 06 83 22 46 32 E-mail : [&hellip;]<\/p>\n","protected":false},"author":6,"featured_media":0,"parent":1601,"menu_order":0,"comment_status":"closed","ping_status":"closed","template":"","meta":{"footnotes":""},"class_list":["post-1670","page","type-page","status-publish","hentry"],"_links":{"self":[{"href":"https:\/\/www.paysansantigone.fr\/index.php?rest_route=\/wp\/v2\/pages\/1670","targetHints":{"allow":["GET"]}}],"collection":[{"href":"https:\/\/www.paysansantigone.fr\/index.php?rest_route=\/wp\/v2\/pages"}],"about":[{"href":"https:\/\/www.paysansantigone.fr\/index.php?rest_route=\/wp\/v2\/types\/page"}],"author":[{"embeddable":true,"href":"https:\/\/www.paysansantigone.fr\/index.php?rest_route=\/wp\/v2\/users\/6"}],"replies":[{"embeddable":true,"href":"https:\/\/www.paysansantigone.fr\/index.php?rest_route=%2Fwp%2Fv2%2Fcomments&post=1670"}],"version-history":[{"count":7,"href":"https:\/\/www.paysansantigone.fr\/index.php?rest_route=\/wp\/v2\/pages\/1670\/revisions"}],"predecessor-version":[{"id":2077,"href":"https:\/\/www.paysansantigone.fr\/index.php?rest_route=\/wp\/v2\/pages\/1670\/revisions\/2077"}],"up":[{"embeddable":true,"href":"https:\/\/www.paysansantigone.fr\/index.php?rest_route=\/wp\/v2\/pages\/1601"}],"wp:attachment":[{"href":"https:\/\/www.paysansantigone.fr\/index.php?rest_route=%2Fwp%2Fv2%2Fmedia&parent=1670"}],"curies":[{"name":"wp","href":"https:\/\/api.w.org\/{rel}","templated":true}]}}