{"id":1666,"date":"2019-12-19T11:14:04","date_gmt":"2019-12-19T09:14:04","guid":{"rendered":"http:\/\/www.paysansantigone.fr\/?page_id=1666"},"modified":"2020-02-20T09:00:22","modified_gmt":"2020-02-20T07:00:22","slug":"miels","status":"publish","type":"page","link":"https:\/\/www.paysansantigone.fr\/?page_id=1666","title":{"rendered":"Miels"},"content":{"rendered":"\n<h2 class=\"wp-block-heading\">GAEC La Ruche Monnier | Apiculteurs<\/h2>\n\n\n\n<div class=\"wp-block-media-text alignwide\" style=\"grid-template-columns:33% auto\"><figure class=\"wp-block-media-text__media\"><img loading=\"lazy\" decoding=\"async\" width=\"336\" height=\"340\" src=\"http:\/\/www.paysansantigone.fr\/wp-content\/mesimages\/GAEC-LA-RUCHE-MONNIER-CERCLE-1.png\" alt=\"\" class=\"wp-image-1852\" srcset=\"https:\/\/www.paysansantigone.fr\/wp-content\/mesimages\/GAEC-LA-RUCHE-MONNIER-CERCLE-1.png 336w, https:\/\/www.paysansantigone.fr\/wp-content\/mesimages\/GAEC-LA-RUCHE-MONNIER-CERCLE-1-316x320.png 316w, https:\/\/www.paysansantigone.fr\/wp-content\/mesimages\/GAEC-LA-RUCHE-MONNIER-CERCLE-1-60x60.png 60w\" sizes=\"auto, (max-width: 336px) 100vw, 336px\" \/><\/figure><div class=\"wp-block-media-text__content\">\n<p class=\"has-medium-font-size\">Philippe, Guilhem et L\u00e9o MONNIER travaillent en famille pour vous proposer des miels locaux et des produits de la ruche. Nous r\u00e9alisons \u00e9galement des d\u00e9riv\u00e9s comme nos pains d&rsquo;\u00e9pices.<\/p>\n\n\n\n<p class=\"has-medium-font-size\">Contact :<br>Mobile : 06 49 28 82 82<br>Site :  <a rel=\"noreferrer noopener\" aria-label=\" (s\u2019ouvre dans un nouvel onglet)\" href=\"https:\/\/www.ruchemonnier.com\/\" target=\"_blank\">https:\/\/www.ruchemonnier.com\/<\/a> <br>Facebook :<a href=\"https:\/\/www.facebook.com\/ruchemonnier\">https:\/\/www.facebook.com\/ruchemonnier<\/a> <br>E-mail : <a rel=\"noreferrer noopener\" aria-label=\"ruchemonnier@gmail.com (s\u2019ouvre dans un nouvel onglet)\" href=\"ruchemonnier@gmail.com\" target=\"_blank\">ruchemonnier@gmail.com<\/a><\/p>\n<\/div><\/div>\n\n\n\n<hr class=\"wp-block-separator\"\/>\n\n\n\n<h2 class=\"wp-block-heading\">Didier LAURES | Apiculteur<\/h2>\n\n\n\n<div class=\"wp-block-media-text alignwide has-media-on-the-right\" style=\"grid-template-columns:auto 37%\"><figure class=\"wp-block-media-text__media\"><img loading=\"lazy\" decoding=\"async\" width=\"336\" height=\"340\" src=\"http:\/\/www.paysansantigone.fr\/wp-content\/mesimages\/ROBERT-LAURES-CERCLE.png\" alt=\"\" class=\"wp-image-1668\" srcset=\"https:\/\/www.paysansantigone.fr\/wp-content\/mesimages\/ROBERT-LAURES-CERCLE.png 336w, https:\/\/www.paysansantigone.fr\/wp-content\/mesimages\/ROBERT-LAURES-CERCLE-316x320.png 316w\" sizes=\"auto, (max-width: 336px) 100vw, 336px\" \/><\/figure><div class=\"wp-block-media-text__content\">\n<p class=\"has-medium-font-size\">Didier LAURES vous propose du miel et produits de la ruche.<\/p>\n\n\n\n<p class=\"has-medium-font-size\">Contact :<br>Mobile : 06 67 57 53 92 <br><\/p>\n<\/div><\/div>\n","protected":false},"excerpt":{"rendered":"<p>GAEC La Ruche Monnier | Apiculteurs Philippe, Guilhem et L\u00e9o MONNIER travaillent en famille pour vous proposer des miels locaux et des produits de la ruche. Nous r\u00e9alisons \u00e9galement des d\u00e9riv\u00e9s comme nos pains d&rsquo;\u00e9pices. Contact :Mobile : 06 49 28 82 82Site : https:\/\/www.ruchemonnier.com\/ Facebook :https:\/\/www.facebook.com\/ruchemonnier E-mail : ruchemonnier@gmail.com Didier LAURES | Apiculteur Didier [&hellip;]<\/p>\n","protected":false},"author":6,"featured_media":0,"parent":1601,"menu_order":0,"comment_status":"closed","ping_status":"closed","template":"","meta":{"footnotes":""},"class_list":["post-1666","page","type-page","status-publish","hentry"],"_links":{"self":[{"href":"https:\/\/www.paysansantigone.fr\/index.php?rest_route=\/wp\/v2\/pages\/1666","targetHints":{"allow":["GET"]}}],"collection":[{"href":"https:\/\/www.paysansantigone.fr\/index.php?rest_route=\/wp\/v2\/pages"}],"about":[{"href":"https:\/\/www.paysansantigone.fr\/index.php?rest_route=\/wp\/v2\/types\/page"}],"author":[{"embeddable":true,"href":"https:\/\/www.paysansantigone.fr\/index.php?rest_route=\/wp\/v2\/users\/6"}],"replies":[{"embeddable":true,"href":"https:\/\/www.paysansantigone.fr\/index.php?rest_route=%2Fwp%2Fv2%2Fcomments&post=1666"}],"version-history":[{"count":5,"href":"https:\/\/www.paysansantigone.fr\/index.php?rest_route=\/wp\/v2\/pages\/1666\/revisions"}],"predecessor-version":[{"id":1853,"href":"https:\/\/www.paysansantigone.fr\/index.php?rest_route=\/wp\/v2\/pages\/1666\/revisions\/1853"}],"up":[{"embeddable":true,"href":"https:\/\/www.paysansantigone.fr\/index.php?rest_route=\/wp\/v2\/pages\/1601"}],"wp:attachment":[{"href":"https:\/\/www.paysansantigone.fr\/index.php?rest_route=%2Fwp%2Fv2%2Fmedia&parent=1666"}],"curies":[{"name":"wp","href":"https:\/\/api.w.org\/{rel}","templated":true}]}}