{"id":1634,"date":"2019-12-19T11:14:15","date_gmt":"2019-12-19T09:14:15","guid":{"rendered":"http:\/\/www.paysansantigone.fr\/?page_id=1634"},"modified":"2020-11-06T15:15:06","modified_gmt":"2020-11-06T13:15:06","slug":"poissons-et-coquillages","status":"publish","type":"page","link":"https:\/\/www.paysansantigone.fr\/?page_id=1634","title":{"rendered":"Poissons et coquillages"},"content":{"rendered":"\n<h2 class=\"wp-block-heading\">La m\u00e9diterran\u00e9e | Poissonniers<\/h2>\n\n\n\n<div class=\"wp-block-media-text alignwide\" style=\"grid-template-columns:40% auto\"><figure class=\"wp-block-media-text__media\"><img loading=\"lazy\" decoding=\"async\" width=\"336\" height=\"340\" src=\"http:\/\/www.paysansantigone.fr\/wp-content\/mesimages\/LA-MEDITERRANEE-CERCLE.png\" alt=\"\" class=\"wp-image-1635\" srcset=\"https:\/\/www.paysansantigone.fr\/wp-content\/mesimages\/LA-MEDITERRANEE-CERCLE.png 336w, https:\/\/www.paysansantigone.fr\/wp-content\/mesimages\/LA-MEDITERRANEE-CERCLE-316x320.png 316w\" sizes=\"auto, (max-width: 336px) 100vw, 336px\" \/><\/figure><div class=\"wp-block-media-text__content\">\n<p class=\"has-medium-font-size\">vente des produits de la mer ( poisson ,coquillage, traiteur de la mer)<\/p>\n\n\n\n<p class=\"has-medium-font-size\">Contact :<\/p>\n\n\n\n<p class=\"has-medium-font-size\">Facebook : <a href=\"https:\/\/www.facebook.com\/poissonerielamediterranee\" data-type=\"URL\" data-id=\"https:\/\/www.facebook.com\/poissonerielamediterranee\">Poissonnerie la m\u00e9diterran\u00e9e Montpellier<\/a><br>Mobile : 07 88 17 33 07 ou 06 76 07 38 02 <\/p>\n\n\n\n<p>E-mail : Sandrine.souliers@gmail.com<\/p>\n<\/div><\/div>\n\n\n\n<hr class=\"wp-block-separator\"\/>\n\n\n\n<h2 class=\"wp-block-heading\">Lo\u00efc ASTIER | Conchyliculteur<\/h2>\n\n\n\n<div class=\"wp-block-media-text alignwide has-media-on-the-right\" style=\"grid-template-columns:auto 38%\"><figure class=\"wp-block-media-text__media\"><img loading=\"lazy\" decoding=\"async\" width=\"336\" height=\"340\" src=\"http:\/\/www.paysansantigone.fr\/wp-content\/mesimages\/LOIC-ASTIER-CERCLE.png\" alt=\"\" class=\"wp-image-1636\" srcset=\"https:\/\/www.paysansantigone.fr\/wp-content\/mesimages\/LOIC-ASTIER-CERCLE.png 336w, https:\/\/www.paysansantigone.fr\/wp-content\/mesimages\/LOIC-ASTIER-CERCLE-316x320.png 316w\" sizes=\"auto, (max-width: 336px) 100vw, 336px\" \/><\/figure><div class=\"wp-block-media-text__content\">\n<p class=\"has-medium-font-size\">Lo\u00efc vous propose des hu\u00eetres, des moules et de petits coquillages selon les saisons (escargots, palourdes, oursins, hu\u00eetres plates, \u2026)  <\/p>\n\n\n\n<p class=\"has-medium-font-size\">Contact :<br>E-mail : <a href=\"http:\/\/loic.astier@hotmail.fr\" target=\"_blank\" rel=\"noreferrer noopener\" aria-label=\"loic.astier@hotmail.fr  (s\u2019ouvre dans un nouvel onglet)\">loic.astier@hotmail.fr <\/a><\/p>\n<\/div><\/div>\n\n\n\n<hr class=\"wp-block-separator\"\/>\n\n\n\n<h2 class=\"wp-block-heading\">Thierry REDA | Conchyliculteur<\/h2>\n\n\n\n<div class=\"wp-block-media-text alignwide has-media-on-the-right\" style=\"grid-template-columns:auto 39%\"><figure class=\"wp-block-media-text__media\"><img loading=\"lazy\" decoding=\"async\" width=\"336\" height=\"340\" src=\"http:\/\/www.paysansantigone.fr\/wp-content\/mesimages\/THIERRY-REDA-CERCLE.png\" alt=\"\" class=\"wp-image-1638\" srcset=\"https:\/\/www.paysansantigone.fr\/wp-content\/mesimages\/THIERRY-REDA-CERCLE.png 336w, https:\/\/www.paysansantigone.fr\/wp-content\/mesimages\/THIERRY-REDA-CERCLE-316x320.png 316w\" sizes=\"auto, (max-width: 336px) 100vw, 336px\" \/><\/figure><div class=\"wp-block-media-text__content\">\n<p class=\"has-medium-font-size\">Thierry REDA vous propose des moules, des hu\u00eetres, des palourdes, des oursins et des escargots de mer.<\/p>\n\n\n\n<p class=\"has-medium-font-size\">Contact : <br>Mobile : 06 13 90 72 97<br>E-mail : <a rel=\"noreferrer noopener\" aria-label=\" (s\u2019ouvre dans un nouvel onglet)\" href=\"thierry.reda@netcourrier.com\" target=\"_blank\">thierry.reda@gmail.com<\/a><\/p>\n<\/div><\/div>\n\n\n\n<p><\/p>\n","protected":false},"excerpt":{"rendered":"<p>La m\u00e9diterran\u00e9e | Poissonniers vente des produits de la mer ( poisson ,coquillage, traiteur de la mer) Contact : Facebook : Poissonnerie la m\u00e9diterran\u00e9e MontpellierMobile : 07 88 17 33 07 ou 06 76 07 38 02 E-mail : Sandrine.souliers@gmail.com Lo\u00efc ASTIER | Conchyliculteur Lo\u00efc vous propose des hu\u00eetres, des moules et de petits coquillages [&hellip;]<\/p>\n","protected":false},"author":6,"featured_media":0,"parent":1601,"menu_order":0,"comment_status":"closed","ping_status":"closed","template":"","meta":{"footnotes":""},"class_list":["post-1634","page","type-page","status-publish","hentry"],"_links":{"self":[{"href":"https:\/\/www.paysansantigone.fr\/index.php?rest_route=\/wp\/v2\/pages\/1634","targetHints":{"allow":["GET"]}}],"collection":[{"href":"https:\/\/www.paysansantigone.fr\/index.php?rest_route=\/wp\/v2\/pages"}],"about":[{"href":"https:\/\/www.paysansantigone.fr\/index.php?rest_route=\/wp\/v2\/types\/page"}],"author":[{"embeddable":true,"href":"https:\/\/www.paysansantigone.fr\/index.php?rest_route=\/wp\/v2\/users\/6"}],"replies":[{"embeddable":true,"href":"https:\/\/www.paysansantigone.fr\/index.php?rest_route=%2Fwp%2Fv2%2Fcomments&post=1634"}],"version-history":[{"count":10,"href":"https:\/\/www.paysansantigone.fr\/index.php?rest_route=\/wp\/v2\/pages\/1634\/revisions"}],"predecessor-version":[{"id":1982,"href":"https:\/\/www.paysansantigone.fr\/index.php?rest_route=\/wp\/v2\/pages\/1634\/revisions\/1982"}],"up":[{"embeddable":true,"href":"https:\/\/www.paysansantigone.fr\/index.php?rest_route=\/wp\/v2\/pages\/1601"}],"wp:attachment":[{"href":"https:\/\/www.paysansantigone.fr\/index.php?rest_route=%2Fwp%2Fv2%2Fmedia&parent=1634"}],"curies":[{"name":"wp","href":"https:\/\/api.w.org\/{rel}","templated":true}]}}