{"id":1617,"date":"2019-12-19T11:14:21","date_gmt":"2019-12-19T09:14:21","guid":{"rendered":"http:\/\/www.paysansantigone.fr\/?page_id=1617"},"modified":"2019-12-20T16:03:03","modified_gmt":"2019-12-20T14:03:03","slug":"boissons-2","status":"publish","type":"page","link":"https:\/\/www.paysansantigone.fr\/?page_id=1617","title":{"rendered":"Boissons"},"content":{"rendered":"\n<h2 class=\"wp-block-heading\">Clos Guilhem | Viticulteur <\/h2>\n\n\n\n<div class=\"wp-block-media-text alignwide\" style=\"grid-template-columns:31% auto\"><figure class=\"wp-block-media-text__media\"><img loading=\"lazy\" decoding=\"async\" width=\"336\" height=\"340\" src=\"http:\/\/www.paysansantigone.fr\/wp-content\/mesimages\/CLOS-GUILHEM-CERCLE.png\" alt=\"\" class=\"wp-image-1618\" srcset=\"https:\/\/www.paysansantigone.fr\/wp-content\/mesimages\/CLOS-GUILHEM-CERCLE.png 336w, https:\/\/www.paysansantigone.fr\/wp-content\/mesimages\/CLOS-GUILHEM-CERCLE-316x320.png 316w\" sizes=\"auto, (max-width: 336px) 100vw, 336px\" \/><\/figure><div class=\"wp-block-media-text__content\">\n<p class=\"has-medium-font-size\">Guilhem vous propose des vins biologiques certifi\u00e9s AB en rouge, ros\u00e9 et blanc. <\/p>\n\n\n\n<p class=\"has-medium-font-size\">Contact :<br>Mobile : 06 11 69 73 13<br>E-mail :  <a rel=\"noreferrer noopener\" href=\"mailto:closguilhem@yahoo.fr\" target=\"_blank\">closguilhem@yahoo.fr<\/a><br>Site :  <a rel=\"noreferrer noopener\" href=\"http:\/\/closguilhem.com\/\" target=\"_blank\">http:\/\/closguilhem.com\/<\/a><\/p>\n<\/div><\/div>\n\n\n\n<hr class=\"wp-block-separator\"\/>\n\n\n\n<h2 class=\"wp-block-heading\">Mon plaisir | Pr\u00e9parations \u00e0 base de gingembre<\/h2>\n\n\n\n<div class=\"wp-block-media-text alignwide has-media-on-the-right\" style=\"grid-template-columns:auto 33%\"><figure class=\"wp-block-media-text__media\"><img loading=\"lazy\" decoding=\"async\" width=\"336\" height=\"340\" src=\"http:\/\/www.paysansantigone.fr\/wp-content\/mesimages\/MON-PLAISIR-CERCLE.png\" alt=\"\" class=\"wp-image-1619\" srcset=\"https:\/\/www.paysansantigone.fr\/wp-content\/mesimages\/MON-PLAISIR-CERCLE.png 336w, https:\/\/www.paysansantigone.fr\/wp-content\/mesimages\/MON-PLAISIR-CERCLE-316x320.png 316w\" sizes=\"auto, (max-width: 336px) 100vw, 336px\" \/><\/figure><div class=\"wp-block-media-text__content\">\n<p class=\"has-medium-font-size\">Margaret vous propose du sirop de gingembre et confits de gingembre<\/p>\n\n\n\n<p class=\"has-medium-font-size\">Contact :<br>Mobile : 06 18 03 22 96 \/ 06 19 38 90 55 <br>E-mail :  <a href=\"gingerplaisir@yahoo.fr\" target=\"_blank\" rel=\"noreferrer noopener\" aria-label=\" (s\u2019ouvre dans un nouvel onglet)\">gingerplaisir@yahoo.fr<\/a><\/p>\n<\/div><\/div>\n\n\n\n<hr class=\"wp-block-separator\"\/>\n\n\n\n<h2 class=\"wp-block-heading\">Tours et Terroirs | Viticultrice <\/h2>\n\n\n\n<div class=\"wp-block-media-text alignwide\" style=\"grid-template-columns:33% auto\"><figure class=\"wp-block-media-text__media\"><img loading=\"lazy\" decoding=\"async\" width=\"336\" height=\"340\" src=\"http:\/\/www.paysansantigone.fr\/wp-content\/mesimages\/TOURS-ET-TERROIRS-CERCLE.png\" alt=\"\" class=\"wp-image-1620\" srcset=\"https:\/\/www.paysansantigone.fr\/wp-content\/mesimages\/TOURS-ET-TERROIRS-CERCLE.png 336w, https:\/\/www.paysansantigone.fr\/wp-content\/mesimages\/TOURS-ET-TERROIRS-CERCLE-316x320.png 316w\" sizes=\"auto, (max-width: 336px) 100vw, 336px\" \/><\/figure><div class=\"wp-block-media-text__content\">\n<p class=\"has-medium-font-size\">Marie-Pierre SOLA vous propose des vins AOC, Coteaux du languedoc et Vin de Pays d\u2019Oc. Vous pouvez les retrouver aussi au caveau \u00e0 Gignac et \u00e0 Saint Andr\u00e9 de Sangonis. <\/p>\n\n\n\n<p class=\"has-medium-font-size\">Contact :<br>T\u00e9l\u00e9phone : 04 67 57 51 94<br>E-mail :  <a rel=\"noreferrer noopener\" href=\"mailto:info@tours-et-terroirs.com\" target=\"_blank\">info@tours-et-terroirs.com<\/a> <br>Site :  <a rel=\"noreferrer noopener\" href=\"https:\/\/www.tours-et-terroirs.com\/\" target=\"_blank\">https:\/\/www.tours-et-terroirs.com\/<\/a> <\/p>\n<\/div><\/div>\n","protected":false},"excerpt":{"rendered":"<p>Clos Guilhem | Viticulteur Guilhem vous propose des vins biologiques certifi\u00e9s AB en rouge, ros\u00e9 et blanc. Contact :Mobile : 06 11 69 73 13E-mail : closguilhem@yahoo.frSite : http:\/\/closguilhem.com\/ Mon plaisir | Pr\u00e9parations \u00e0 base de gingembre Margaret vous propose du sirop de gingembre et confits de gingembre Contact :Mobile : 06 18 03 22 [&hellip;]<\/p>\n","protected":false},"author":6,"featured_media":0,"parent":1601,"menu_order":0,"comment_status":"closed","ping_status":"closed","template":"","meta":{"footnotes":""},"class_list":["post-1617","page","type-page","status-publish","hentry"],"_links":{"self":[{"href":"https:\/\/www.paysansantigone.fr\/index.php?rest_route=\/wp\/v2\/pages\/1617","targetHints":{"allow":["GET"]}}],"collection":[{"href":"https:\/\/www.paysansantigone.fr\/index.php?rest_route=\/wp\/v2\/pages"}],"about":[{"href":"https:\/\/www.paysansantigone.fr\/index.php?rest_route=\/wp\/v2\/types\/page"}],"author":[{"embeddable":true,"href":"https:\/\/www.paysansantigone.fr\/index.php?rest_route=\/wp\/v2\/users\/6"}],"replies":[{"embeddable":true,"href":"https:\/\/www.paysansantigone.fr\/index.php?rest_route=%2Fwp%2Fv2%2Fcomments&post=1617"}],"version-history":[{"count":4,"href":"https:\/\/www.paysansantigone.fr\/index.php?rest_route=\/wp\/v2\/pages\/1617\/revisions"}],"predecessor-version":[{"id":1777,"href":"https:\/\/www.paysansantigone.fr\/index.php?rest_route=\/wp\/v2\/pages\/1617\/revisions\/1777"}],"up":[{"embeddable":true,"href":"https:\/\/www.paysansantigone.fr\/index.php?rest_route=\/wp\/v2\/pages\/1601"}],"wp:attachment":[{"href":"https:\/\/www.paysansantigone.fr\/index.php?rest_route=%2Fwp%2Fv2%2Fmedia&parent=1617"}],"curies":[{"name":"wp","href":"https:\/\/api.w.org\/{rel}","templated":true}]}}