{"id":1601,"date":"2019-12-19T11:13:16","date_gmt":"2019-12-19T09:13:16","guid":{"rendered":"http:\/\/www.paysansantigone.fr\/?page_id=1601"},"modified":"2023-04-25T12:22:37","modified_gmt":"2023-04-25T10:22:37","slug":"nos-producteurs","status":"publish","type":"page","link":"https:\/\/www.paysansantigone.fr\/?page_id=1601","title":{"rendered":"Nos producteurs"},"content":{"rendered":"\n<iframe loading=\"lazy\" src=\"https:\/\/www.google.com\/maps\/d\/u\/2\/embed?mid=1BSRYNwfPhXkTuQViw9LvkE2gT_BtXmCx\" width=\"580\" height=\"480\"><\/iframe>\n\n\n\n<div class=\"wp-block-columns has-2-columns is-layout-flex wp-container-core-columns-is-layout-9d6595d7 wp-block-columns-is-layout-flex\">\n<div class=\"wp-block-column is-layout-flow wp-block-column-is-layout-flow\">\n<p><img loading=\"lazy\" decoding=\"async\" width=\"150\" height=\"150\" class=\"wp-image-1603\" style=\"width: 150px;\" src=\"http:\/\/www.paysansantigone.fr\/wp-content\/mesimages\/artisan.png\" alt=\"\" srcset=\"https:\/\/www.paysansantigone.fr\/wp-content\/mesimages\/artisan.png 512w, https:\/\/www.paysansantigone.fr\/wp-content\/mesimages\/artisan-150x150.png 150w, https:\/\/www.paysansantigone.fr\/wp-content\/mesimages\/artisan-320x320.png 320w\" sizes=\"auto, (max-width: 150px) 100vw, 150px\" \/><br><a href=\"http:\/\/www.paysansantigone.fr\/?page_id=1614\">Artisanat<\/a><\/p>\n<\/div>\n\n\n\n<div class=\"wp-block-column is-layout-flow wp-block-column-is-layout-flow\">\n<h5 class=\"wp-block-heading\" id=\"mce_0\">&#8211; Jean-Marie STEHLE | Artisan du cuir   <br>&#8211; Les savons de l\u2019\u00c9cusson |Savons et cosm\u00e9tiques<\/h5>\n<\/div>\n<\/div>\n\n\n\n<div class=\"wp-block-columns has-2-columns is-layout-flex wp-container-core-columns-is-layout-9d6595d7 wp-block-columns-is-layout-flex\">\n<div class=\"wp-block-column is-layout-flow wp-block-column-is-layout-flow\">\n<p><img loading=\"lazy\" decoding=\"async\" width=\"150\" height=\"150\" class=\"wp-image-1604\" style=\"width: 150px;\" src=\"http:\/\/www.paysansantigone.fr\/wp-content\/mesimages\/boissons.png\" alt=\"\" srcset=\"https:\/\/www.paysansantigone.fr\/wp-content\/mesimages\/boissons.png 512w, https:\/\/www.paysansantigone.fr\/wp-content\/mesimages\/boissons-150x150.png 150w, https:\/\/www.paysansantigone.fr\/wp-content\/mesimages\/boissons-320x320.png 320w\" sizes=\"auto, (max-width: 150px) 100vw, 150px\" \/><br><a href=\"http:\/\/www.paysansantigone.fr\/?page_id=1617\">Boissons<\/a><\/p>\n<\/div>\n\n\n\n<div class=\"wp-block-column is-layout-flow wp-block-column-is-layout-flow\">\n<h5 class=\"wp-block-heading\" id=\"mce_0\">&#8211; Clos Guilhem | Viticulteur  <br>&#8211; Mon plaisir | Pr\u00e9parations \u00e0 base de gingembre <br>&#8211; Tours et Terroirs | Viticultrice  <br><\/h5>\n<\/div>\n<\/div>\n\n\n\n<div class=\"wp-block-columns has-2-columns is-layout-flex wp-container-core-columns-is-layout-9d6595d7 wp-block-columns-is-layout-flex\">\n<div class=\"wp-block-column is-layout-flow wp-block-column-is-layout-flow\">\n<p><img loading=\"lazy\" decoding=\"async\" width=\"150\" height=\"150\" class=\"wp-image-1606\" style=\"width: 150px;\" src=\"http:\/\/www.paysansantigone.fr\/wp-content\/mesimages\/l\u00e9gumes.png\" alt=\"\" srcset=\"https:\/\/www.paysansantigone.fr\/wp-content\/mesimages\/l\u00e9gumes.png 512w, https:\/\/www.paysansantigone.fr\/wp-content\/mesimages\/l\u00e9gumes-150x150.png 150w, https:\/\/www.paysansantigone.fr\/wp-content\/mesimages\/l\u00e9gumes-320x320.png 320w\" sizes=\"auto, (max-width: 150px) 100vw, 150px\" \/><br><a href=\"http:\/\/www.paysansantigone.fr\/?page_id=1640\">Fruits et l\u00e9gumes<\/a><\/p>\n<\/div>\n\n\n\n<div class=\"wp-block-column is-layout-flow wp-block-column-is-layout-flow\">\n<h5 class=\"wp-block-heading\" id=\"mce_0\">&#8211; Alain SAQUET | Mara\u00eecher <br>&#8211; Chantal GAZAGNES | Arboricultrice <br>&#8211; Christine LANAVE | Arboricultrice <br>&#8211; Damien SIMON | Mara\u00eecher bio <br>&#8211; Denis MAUREL | Mara\u00eecher <br>&#8211; Elise BRECHARD | Mara\u00eech\u00e8re <br>&#8211; GAEC des Cambri\u00e8res | Arboriculteurs <br>&#8211; G\u00e9rard ALMERAS | Champignons et baies <br>&#8211; Jean-Claude CAPO | Mara\u00eecher <br>&#8211; Jean-Pierre SUTRA | Ails et oignons  <\/h5>\n\n\n\n<h5 class=\"wp-block-heading\" id=\"mce_0\">     &#8211; Les Canotiers | Mara\u00eecher et arboriculteur bio<br>&#8211; LOU DEBES | Mara\u00eecher bio <br>&#8211; Marc HUGOUNENQ | Arboriculteur <br>&#8211; Philippe et Christine BRECHARD | Arboriculteurs <br>&#8211; Pierrette et Daniel GARCIA | Arboriculteurs <br>&#8211; SCEA La B\u00e9reng\u00e8re | Arboriculteur  <br>&#8211; <\/h5>\n\n\n\n<h5 class=\"wp-block-heading\" id=\"mce_0\">&#8211; Terres paysannes | Mara\u00eecher et Arboriculteur bio<br>&#8211; Val\u00e9rie VIALLA | Ol\u00e9icultrice <br><\/h5>\n<\/div>\n<\/div>\n\n\n\n<div class=\"wp-block-columns has-2-columns is-layout-flex wp-container-core-columns-is-layout-9d6595d7 wp-block-columns-is-layout-flex\">\n<div class=\"wp-block-column is-layout-flow wp-block-column-is-layout-flow\">\n<p><img loading=\"lazy\" decoding=\"async\" width=\"150\" height=\"150\" class=\"wp-image-1605\" style=\"width: 150px;\" src=\"http:\/\/www.paysansantigone.fr\/wp-content\/mesimages\/lait.png\" alt=\"\" srcset=\"https:\/\/www.paysansantigone.fr\/wp-content\/mesimages\/lait.png 512w, https:\/\/www.paysansantigone.fr\/wp-content\/mesimages\/lait-150x150.png 150w, https:\/\/www.paysansantigone.fr\/wp-content\/mesimages\/lait-320x320.png 320w\" sizes=\"auto, (max-width: 150px) 100vw, 150px\" \/><br><a href=\"http:\/\/www.paysansantigone.fr\/?page_id=1662\">Laitages<\/a><\/p>\n<\/div>\n\n\n\n<div class=\"wp-block-column is-layout-flow wp-block-column-is-layout-flow\">\n<h5 class=\"wp-block-heading\" id=\"mce_0\">&#8211; GAEC de Bergounhoux | \u00c9leveurs ovin <br>&#8211; La ferme des saveurs | \u00c9leveurs caprin bio <br><br><\/h5>\n<\/div>\n<\/div>\n\n\n\n<div class=\"wp-block-columns has-2-columns is-layout-flex wp-container-core-columns-is-layout-9d6595d7 wp-block-columns-is-layout-flex\">\n<div class=\"wp-block-column is-layout-flow wp-block-column-is-layout-flow\">\n<p><img loading=\"lazy\" decoding=\"async\" width=\"150\" height=\"150\" class=\"wp-image-1607\" style=\"width: 150px;\" src=\"http:\/\/www.paysansantigone.fr\/wp-content\/mesimages\/miel.png\" alt=\"\" srcset=\"https:\/\/www.paysansantigone.fr\/wp-content\/mesimages\/miel.png 512w, https:\/\/www.paysansantigone.fr\/wp-content\/mesimages\/miel-150x150.png 150w, https:\/\/www.paysansantigone.fr\/wp-content\/mesimages\/miel-320x320.png 320w\" sizes=\"auto, (max-width: 150px) 100vw, 150px\" \/><br><a href=\"http:\/\/www.paysansantigone.fr\/?page_id=1666\">Miels<\/a><\/p>\n<\/div>\n\n\n\n<div class=\"wp-block-column is-layout-flow wp-block-column-is-layout-flow\">\n<h5 class=\"wp-block-heading\" id=\"mce_0\">GAEC La Ruche Monnier | Apiculteurs <br>Didier LAURES | Apiculteur <br><\/h5>\n<\/div>\n<\/div>\n\n\n\n<div class=\"wp-block-columns has-2-columns is-layout-flex wp-container-core-columns-is-layout-9d6595d7 wp-block-columns-is-layout-flex\">\n<div class=\"wp-block-column is-layout-flow wp-block-column-is-layout-flow\">\n<p><img loading=\"lazy\" decoding=\"async\" width=\"150\" height=\"150\" class=\"wp-image-1608\" style=\"width: 150px;\" src=\"http:\/\/www.paysansantigone.fr\/wp-content\/mesimages\/pains.png\" alt=\"\" srcset=\"https:\/\/www.paysansantigone.fr\/wp-content\/mesimages\/pains.png 512w, https:\/\/www.paysansantigone.fr\/wp-content\/mesimages\/pains-150x150.png 150w, https:\/\/www.paysansantigone.fr\/wp-content\/mesimages\/pains-320x320.png 320w\" sizes=\"auto, (max-width: 150px) 100vw, 150px\" \/><br><a href=\"http:\/\/www.paysansantigone.fr\/?page_id=1622\">Pains et p\u00e2tisseries<\/a><a href=\"http:\/\/www.paysansantigone.fr\/?page_id=1634\"><\/a><\/p>\n<\/div>\n\n\n\n<div class=\"wp-block-column is-layout-flow wp-block-column-is-layout-flow\">\n<h5 class=\"wp-block-heading\" id=\"mce_0\">&#8211; La fourn\u00e9e magique | Boulanger <\/h5>\n\n\n\n<p>&#8211; Boulangerie des grands causses | Boulanger<\/p>\n<\/div>\n<\/div>\n\n\n\n<div class=\"wp-block-columns has-2-columns is-layout-flex wp-container-core-columns-is-layout-9d6595d7 wp-block-columns-is-layout-flex\">\n<div class=\"wp-block-column is-layout-flow wp-block-column-is-layout-flow\">\n<p><img loading=\"lazy\" decoding=\"async\" width=\"150\" height=\"150\" class=\"wp-image-1609\" style=\"width: 150px;\" src=\"http:\/\/www.paysansantigone.fr\/wp-content\/mesimages\/plantes.png\" alt=\"\" srcset=\"https:\/\/www.paysansantigone.fr\/wp-content\/mesimages\/plantes.png 512w, https:\/\/www.paysansantigone.fr\/wp-content\/mesimages\/plantes-150x150.png 150w, https:\/\/www.paysansantigone.fr\/wp-content\/mesimages\/plantes-320x320.png 320w\" sizes=\"auto, (max-width: 150px) 100vw, 150px\" \/><br><a href=\"http:\/\/www.paysansantigone.fr\/?page_id=1670\">Plantes<\/a><\/p>\n<\/div>\n\n\n\n<div class=\"wp-block-column is-layout-flow wp-block-column-is-layout-flow\">\n<h5 class=\"wp-block-heading\" id=\"mce_0\">&#8211; FLORESSA | Horticulteurs<br>&#8211; Simplaromat&rsquo; | Plantes aromatiques bio <br>&#8211; Spiru-vie | Producteur de spiruline <br>&#8211; Weedling Finest | Producteur de chanvre bio et CBD<\/h5>\n<\/div>\n<\/div>\n\n\n\n<div class=\"wp-block-columns has-2-columns is-layout-flex wp-container-core-columns-is-layout-9d6595d7 wp-block-columns-is-layout-flex\">\n<div class=\"wp-block-column is-layout-flow wp-block-column-is-layout-flow\">\n<p><img loading=\"lazy\" decoding=\"async\" width=\"150\" height=\"150\" class=\"wp-image-1610\" style=\"width: 150px;\" src=\"http:\/\/www.paysansantigone.fr\/wp-content\/mesimages\/plats.png\" alt=\"\" srcset=\"https:\/\/www.paysansantigone.fr\/wp-content\/mesimages\/plats.png 512w, https:\/\/www.paysansantigone.fr\/wp-content\/mesimages\/plats-150x150.png 150w, https:\/\/www.paysansantigone.fr\/wp-content\/mesimages\/plats-320x320.png 320w\" sizes=\"auto, (max-width: 150px) 100vw, 150px\" \/><br><a href=\"http:\/\/www.paysansantigone.fr\/?page_id=1676\">Plats cuisin\u00e9s<\/a><a href=\"http:\/\/www.paysansantigone.fr\/?page_id=1634\"><\/a><\/p>\n<\/div>\n\n\n\n<div class=\"wp-block-column is-layout-flow wp-block-column-is-layout-flow\">\n<h5 class=\"wp-block-heading\" id=\"mce_0\">&#8211; Au fil de l&rsquo;Aubrac | Aligot  <br>&#8211; La muse gourmette | Pr\u00e9parations bio, v\u00e9g\u00e9taliennes et sans gluten <br>&#8211; Les accras de Marius | Accras et brandade <br>&#8211; Presto Pizz&rsquo; | Pizzas <br>&#8211;  David traiteur|  Plats cuisin\u00e9s \u00e0 emporter<\/h5>\n\n\n\n<h5 class=\"wp-block-heading\" id=\"mce_0\">&#8211;  Lady Tofu|  Tofu bio artisanal<\/h5>\n\n\n\n<p><\/p>\n<\/div>\n<\/div>\n\n\n\n<div class=\"wp-block-columns has-2-columns is-layout-flex wp-container-core-columns-is-layout-9d6595d7 wp-block-columns-is-layout-flex\">\n<div class=\"wp-block-column is-layout-flow wp-block-column-is-layout-flow\">\n<p><img loading=\"lazy\" decoding=\"async\" width=\"150\" height=\"150\" class=\"wp-image-1611\" style=\"width: 150px;\" src=\"http:\/\/www.paysansantigone.fr\/wp-content\/mesimages\/poisson.png\" alt=\"\" srcset=\"https:\/\/www.paysansantigone.fr\/wp-content\/mesimages\/poisson.png 512w, https:\/\/www.paysansantigone.fr\/wp-content\/mesimages\/poisson-150x150.png 150w, https:\/\/www.paysansantigone.fr\/wp-content\/mesimages\/poisson-320x320.png 320w\" sizes=\"auto, (max-width: 150px) 100vw, 150px\" \/><br><a href=\"http:\/\/www.paysansantigone.fr\/?page_id=1634\">Poissons et coquillages<\/a><br><a href=\"http:\/\/www.paysansantigone.fr\/?page_id=1634\"><\/a><\/p>\n<\/div>\n\n\n\n<div class=\"wp-block-column is-layout-flow wp-block-column-is-layout-flow\">\n<h5 class=\"wp-block-heading\" id=\"mce_0\">&#8211; La m\u00e9diterran\u00e9e | Poissonniers<br>&#8211; Lo\u00efc ASTIER | Conchyliculteur <br>&#8211; Thierry REDA | Conchyliculteur  <\/h5>\n<\/div>\n<\/div>\n\n\n\n<div class=\"wp-block-columns has-2-columns is-layout-flex wp-container-core-columns-is-layout-9d6595d7 wp-block-columns-is-layout-flex\">\n<div class=\"wp-block-column is-layout-flow wp-block-column-is-layout-flow\">\n<p><img loading=\"lazy\" decoding=\"async\" width=\"150\" height=\"150\" class=\"wp-image-1612\" style=\"width: 150px;\" src=\"http:\/\/www.paysansantigone.fr\/wp-content\/mesimages\/viande.png\" alt=\"\" srcset=\"https:\/\/www.paysansantigone.fr\/wp-content\/mesimages\/viande.png 512w, https:\/\/www.paysansantigone.fr\/wp-content\/mesimages\/viande-150x150.png 150w, https:\/\/www.paysansantigone.fr\/wp-content\/mesimages\/viande-320x320.png 320w\" sizes=\"auto, (max-width: 150px) 100vw, 150px\" \/><br><a href=\"http:\/\/www.paysansantigone.fr\/?page_id=1626\">Viandes<\/a><a href=\"http:\/\/www.paysansantigone.fr\/?page_id=1634\"><\/a><\/p>\n<\/div>\n\n\n\n<div class=\"wp-block-column is-layout-flow wp-block-column-is-layout-flow\">\n<h5 class=\"wp-block-heading\" id=\"mce_0\">&#8211; La Boucherie de la ferme  | \u00c9leveurs bovins, ovins et porcins<br>&#8211; La ferme du Cousteau  | \u00c9leveurs de canards gras<\/h5>\n\n\n\n<h5 class=\"wp-block-heading\" id=\"mce_0\">&#8211; Ferme de MERIFONS | \u00c9leveurs de Porc et Agneau <\/h5>\n\n\n\n<h5 class=\"wp-block-heading\" id=\"mce_0\">&#8211; Chez Gauthier | Ferme avicole Canta Gal<br><\/h5>\n\n\n\n<p><\/p>\n\n\n\n<p><\/p>\n\n\n\n<p><\/p>\n\n\n\n<p><\/p>\n<\/div>\n<\/div>\n","protected":false},"excerpt":{"rendered":"<p>Artisanat &#8211; Jean-Marie STEHLE | Artisan du cuir &#8211; Les savons de l\u2019\u00c9cusson |Savons et cosm\u00e9tiques Boissons &#8211; Clos Guilhem | Viticulteur &#8211; Mon plaisir | Pr\u00e9parations \u00e0 base de gingembre &#8211; Tours et Terroirs | Viticultrice Fruits et l\u00e9gumes &#8211; Alain SAQUET | Mara\u00eecher &#8211; Chantal GAZAGNES | Arboricultrice &#8211; Christine LANAVE | Arboricultrice [&hellip;]<\/p>\n","protected":false},"author":6,"featured_media":0,"parent":0,"menu_order":0,"comment_status":"closed","ping_status":"closed","template":"","meta":{"footnotes":""},"class_list":["post-1601","page","type-page","status-publish","hentry"],"_links":{"self":[{"href":"https:\/\/www.paysansantigone.fr\/index.php?rest_route=\/wp\/v2\/pages\/1601","targetHints":{"allow":["GET"]}}],"collection":[{"href":"https:\/\/www.paysansantigone.fr\/index.php?rest_route=\/wp\/v2\/pages"}],"about":[{"href":"https:\/\/www.paysansantigone.fr\/index.php?rest_route=\/wp\/v2\/types\/page"}],"author":[{"embeddable":true,"href":"https:\/\/www.paysansantigone.fr\/index.php?rest_route=\/wp\/v2\/users\/6"}],"replies":[{"embeddable":true,"href":"https:\/\/www.paysansantigone.fr\/index.php?rest_route=%2Fwp%2Fv2%2Fcomments&post=1601"}],"version-history":[{"count":32,"href":"https:\/\/www.paysansantigone.fr\/index.php?rest_route=\/wp\/v2\/pages\/1601\/revisions"}],"predecessor-version":[{"id":2075,"href":"https:\/\/www.paysansantigone.fr\/index.php?rest_route=\/wp\/v2\/pages\/1601\/revisions\/2075"}],"wp:attachment":[{"href":"https:\/\/www.paysansantigone.fr\/index.php?rest_route=%2Fwp%2Fv2%2Fmedia&parent=1601"}],"curies":[{"name":"wp","href":"https:\/\/api.w.org\/{rel}","templated":true}]}}