{"id":1593,"date":"2019-12-19T11:14:29","date_gmt":"2019-12-19T09:14:29","guid":{"rendered":"http:\/\/www.paysansantigone.fr\/?page_id=1593"},"modified":"2019-12-19T11:14:29","modified_gmt":"2019-12-19T09:14:29","slug":"nous-contacter","status":"publish","type":"page","link":"https:\/\/www.paysansantigone.fr\/?page_id=1593","title":{"rendered":"Nous contacter"},"content":{"rendered":"\n<div class=\"wp-block-media-text alignwide\" style=\"grid-template-columns:31% auto\"><figure class=\"wp-block-media-text__media\"><img loading=\"lazy\" decoding=\"async\" width=\"336\" height=\"340\" src=\"http:\/\/www.paysansantigone.fr\/wp-content\/mesimages\/LA-FERME-DES-SAVEURS-CERCLE.png\" alt=\"\" class=\"wp-image-1594\" srcset=\"https:\/\/www.paysansantigone.fr\/wp-content\/mesimages\/LA-FERME-DES-SAVEURS-CERCLE.png 336w, https:\/\/www.paysansantigone.fr\/wp-content\/mesimages\/LA-FERME-DES-SAVEURS-CERCLE-316x320.png 316w\" sizes=\"auto, (max-width: 336px) 100vw, 336px\" \/><\/figure><div class=\"wp-block-media-text__content\">\n<p class=\"has-medium-font-size\">Pour nous contacter merci de passer par le pr\u00e9sident du march\u00e9 : Christophe BRODU.   <\/p>\n<\/div><\/div>\n\n\n\n<p class=\"has-medium-font-size\">Vous pouvez \u00e9crire par courrier \u00e0 :<\/p>\n\n\n\n<p class=\"has-medium-font-size\">Association March\u00e9 Paysan d\u2019Antigone<br>Mas St Farriol Route de Loupian<br>34560 Villeveyrac<\/p>\n\n\n\n<p class=\"has-medium-font-size\">Par e-mail : <a href=\"mailto:marchepaysan34@gmail.com\" target=\"_blank\" rel=\"noreferrer noopener\" aria-label=\"marchepaysan34@gmail.com (ouverture dans un nouvel onglet)\">marchepaysan34@gmail.com<\/a><\/p>\n\n\n\n<p class=\"has-medium-font-size\">Sur Facebook : <a href=\"https:\/\/www.facebook.com\/paysansantigone\/\" target=\"_blank\" rel=\"noreferrer noopener\" aria-label=\" (s\u2019ouvre dans un nouvel onglet)\">https:\/\/www.facebook.com\/paysansantigone\/<\/a><\/p>\n","protected":false},"excerpt":{"rendered":"<p>Pour nous contacter merci de passer par le pr\u00e9sident du march\u00e9 : Christophe BRODU. Vous pouvez \u00e9crire par courrier \u00e0 : Association March\u00e9 Paysan d\u2019AntigoneMas St Farriol Route de Loupian34560 Villeveyrac Par e-mail : marchepaysan34@gmail.com Sur Facebook : https:\/\/www.facebook.com\/paysansantigone\/<\/p>\n","protected":false},"author":6,"featured_media":0,"parent":0,"menu_order":0,"comment_status":"closed","ping_status":"closed","template":"","meta":{"footnotes":""},"class_list":["post-1593","page","type-page","status-publish","hentry"],"_links":{"self":[{"href":"https:\/\/www.paysansantigone.fr\/index.php?rest_route=\/wp\/v2\/pages\/1593","targetHints":{"allow":["GET"]}}],"collection":[{"href":"https:\/\/www.paysansantigone.fr\/index.php?rest_route=\/wp\/v2\/pages"}],"about":[{"href":"https:\/\/www.paysansantigone.fr\/index.php?rest_route=\/wp\/v2\/types\/page"}],"author":[{"embeddable":true,"href":"https:\/\/www.paysansantigone.fr\/index.php?rest_route=\/wp\/v2\/users\/6"}],"replies":[{"embeddable":true,"href":"https:\/\/www.paysansantigone.fr\/index.php?rest_route=%2Fwp%2Fv2%2Fcomments&post=1593"}],"version-history":[{"count":1,"href":"https:\/\/www.paysansantigone.fr\/index.php?rest_route=\/wp\/v2\/pages\/1593\/revisions"}],"predecessor-version":[{"id":1595,"href":"https:\/\/www.paysansantigone.fr\/index.php?rest_route=\/wp\/v2\/pages\/1593\/revisions\/1595"}],"wp:attachment":[{"href":"https:\/\/www.paysansantigone.fr\/index.php?rest_route=%2Fwp%2Fv2%2Fmedia&parent=1593"}],"curies":[{"name":"wp","href":"https:\/\/api.w.org\/{rel}","templated":true}]}}